{"id":2692,"date":"2015-04-10T19:18:18","date_gmt":"2015-04-10T17:18:18","guid":{"rendered":"http:\/\/www.rhsrk.fi\/wp\/?page_id=2692"},"modified":"2019-06-09T16:08:00","modified_gmt":"2019-06-09T13:08:00","slug":"mihin-uskomme","status":"publish","type":"page","link":"https:\/\/my.luukas.info\/?page_id=2692","title":{"rendered":"AVAINSEURAKUNTA"},"content":{"rendered":"<p dir=\"ltr\" style=\"text-align: justify;\">Tervetuloa Avainseurakunnan kotisivuille! Avainseurakunta on Raumalla toimiva kristillinen helluntaiseurakunta. Tilamme ovat vesitorninm\u00e4en juurella, osoitteessa Savenvalajankatu 3.<\/p>\n<p dir=\"ltr\">Seurakuntamme muodostuu taustoiltaan erilaisista, ihan tavallisista ihmisist\u00e4, joita yhdist\u00e4\u00e4 usko Jeesukseen. Haluamme olla seurakunta, johon kaikenlaisten ihmisten on helppo tulla taustasta tai ajatuksista riippumatta. Saat tulla sellaisena kuin olet \u2013 ep\u00e4illen tai uskoen. Jeesus kutsui kaikki luokseen j\u00e4tt\u00e4m\u00e4tt\u00e4 ket\u00e4\u00e4n ulkopuolelle ja n\u00e4in mekin haluamme toimia.<\/p>\n<p>Haluamme olla seurakunta sinua varten. Unelmanamme on, ett\u00e4 seurakunta saisi olla koti ja sen ihmiset kuin perhe, jonka kesken saisi vallita aito rakkaus sek\u00e4 ilojen ja surujen jakaminen.<\/p>\n<p dir=\"ltr\">Seurakuntana painotamme ihmisen henkil\u00f6kohtaista uskoa ja suhdetta Jumalaan tapojen tai ulkoisten asioiden sijaan. Opetuksemme perustuu Raamattuun ja Suomen Helluntaiher\u00e4tyksen\u00a0<a href=\"http:\/\/www.suomenhelluntaikirkko.fi\/tunnustus_ja_opetus_2\/uskon_paakohdat\" target=\"_blank\">uskon p\u00e4\u00e4kohtiin<\/a>.<\/p>\n<p>&nbsp;<\/p>\n<p>&nbsp;<\/p>\n","protected":false},"excerpt":{"rendered":"<p>Tervetuloa Avainseurakunnan kotisivuille! Avainseurakunta on Raumalla toimiva kristillinen helluntaiseurakunta. Tilamme ovat vesitorninm\u00e4en juurella, osoitteessa Savenvalajankatu 3. Seurakuntamme muodostuu taustoiltaan erilaisista, ihan tavallisista ihmisist\u00e4, joita yhdist\u00e4\u00e4 usko Jeesukseen. Haluamme olla seurakunta, johon kaikenlaisten ihmisten on helppo tulla taustasta tai ajatuksista riippumatta. Saat tulla sellaisena kuin olet \u2013 ep\u00e4illen tai uskoen. Jeesus kutsui kaikki luokseen j\u00e4tt\u00e4m\u00e4tt\u00e4 ket\u00e4\u00e4n &hellip; <\/p>\n<p class=\"link-more\"><a href=\"https:\/\/my.luukas.info\/?page_id=2692\" class=\"more-link\">Jatka lukemista<span class=\"screen-reader-text\"> &#8221;AVAINSEURAKUNTA&#8221;<\/span><\/a><\/p>\n","protected":false},"author":2,"featured_media":0,"parent":0,"menu_order":0,"comment_status":"closed","ping_status":"open","template":"","meta":{"saved_in_kubio":false,"footnotes":""},"class_list":["post-2692","page","type-page","status-publish","hentry"],"kubio_ai_page_context":{"short_desc":"","purpose":"general"},"_links":{"self":[{"href":"https:\/\/my.luukas.info\/index.php?rest_route=\/wp\/v2\/pages\/2692","targetHints":{"allow":["GET"]}}],"collection":[{"href":"https:\/\/my.luukas.info\/index.php?rest_route=\/wp\/v2\/pages"}],"about":[{"href":"https:\/\/my.luukas.info\/index.php?rest_route=\/wp\/v2\/types\/page"}],"author":[{"embeddable":true,"href":"https:\/\/my.luukas.info\/index.php?rest_route=\/wp\/v2\/users\/2"}],"replies":[{"embeddable":true,"href":"https:\/\/my.luukas.info\/index.php?rest_route=%2Fwp%2Fv2%2Fcomments&post=2692"}],"version-history":[{"count":32,"href":"https:\/\/my.luukas.info\/index.php?rest_route=\/wp\/v2\/pages\/2692\/revisions"}],"predecessor-version":[{"id":3590,"href":"https:\/\/my.luukas.info\/index.php?rest_route=\/wp\/v2\/pages\/2692\/revisions\/3590"}],"wp:attachment":[{"href":"https:\/\/my.luukas.info\/index.php?rest_route=%2Fwp%2Fv2%2Fmedia&parent=2692"}],"curies":[{"name":"wp","href":"https:\/\/api.w.org\/{rel}","templated":true}]}}